{"id":13655,"date":"2019-10-23T10:34:05","date_gmt":"2019-10-23T08:34:05","guid":{"rendered":"https:\/\/www.imelo.it\/?post_type=product&#038;p=13655"},"modified":"2026-03-03T20:55:52","modified_gmt":"2026-03-03T19:55:52","slug":"professionelle-granatapfelpresse","status":"publish","type":"product","link":"https:\/\/www.imelo.it\/de\/produkt\/professionelle-granatapfelpresse\/","title":{"rendered":"Professionelle Granatapfel-presse"},"content":{"rendered":"\n","protected":false},"excerpt":{"rendered":"<h2 class=\"sottotitolo-desc-prodotto\">iMelo: die professionelle Granatapfelpresse, f\u00fcr die Entsaftung zu Hause!<\/h2>\n<p>Was k\u00f6nnte besser sein als ein k\u00f6stlicher Saft zu Beginn des Tages? Nur ein Saft, den Sie selbst herstellen, in der Menge und mit den Fr\u00fcchten Ihrer Wahl, dank des iMelo Entsafters!<\/p>\n<p>Mit der iMelo-Granatapfelpresse k\u00f6nnen Sie das:<\/p>\n<ul>\n<li>kalt gepresst, wodurch die antioxidativen und wohltuenden Eigenschaften des Granatapfels und der Frucht erhalten bleiben;<\/li>\n<li>dank des Rack-Mechanismus mit minimalem Aufwand k\u00f6stliche S\u00e4fte herstellen.<\/li>\n<\/ul>\n<p>Denken Sie daran: Er ist auch ideal als <strong>Entsafter<\/strong> geeignet und kann problemlos in der Sp\u00fclmaschine gereinigt werden!<\/p>\n","protected":false},"featured_media":14819,"comment_status":"open","ping_status":"closed","template":"","meta":[],"product_brand":[],"product_cat":[625],"product_tag":[760,761],"class_list":{"0":"post-13655","1":"product","2":"type-product","3":"status-publish","4":"has-post-thumbnail","6":"product_cat-granatapfelpresse","7":"product_tag-imelo-de","8":"product_tag-spedizione-gratuita-de","9":"product_shipping_class-free-2","11":"first","12":"instock","13":"featured","14":"taxable","15":"shipping-taxable","16":"purchasable","17":"product-type-simple"},"bundled_by":[],"bundle_stock_status":"instock","bundle_stock_quantity":18,"bundle_virtual":false,"bundle_layout":"","bundle_add_to_cart_form_location":"","bundle_editable_in_cart":false,"bundle_sold_individually_context":"","bundle_item_grouping":"","bundle_min_size":"","bundle_max_size":"","bundled_items":[],"bundle_sell_ids":[],"acf":[],"_links":{"self":[{"href":"https:\/\/www.imelo.it\/de\/wp-json\/wp\/v2\/product\/13655","targetHints":{"allow":["GET"]}}],"collection":[{"href":"https:\/\/www.imelo.it\/de\/wp-json\/wp\/v2\/product"}],"about":[{"href":"https:\/\/www.imelo.it\/de\/wp-json\/wp\/v2\/types\/product"}],"replies":[{"embeddable":true,"href":"https:\/\/www.imelo.it\/de\/wp-json\/wp\/v2\/comments?post=13655"}],"wp:featuredmedia":[{"embeddable":true,"href":"https:\/\/www.imelo.it\/de\/wp-json\/wp\/v2\/media\/14819"}],"wp:attachment":[{"href":"https:\/\/www.imelo.it\/de\/wp-json\/wp\/v2\/media?parent=13655"}],"wp:term":[{"taxonomy":"product_brand","embeddable":true,"href":"https:\/\/www.imelo.it\/de\/wp-json\/wp\/v2\/product_brand?post=13655"},{"taxonomy":"product_cat","embeddable":true,"href":"https:\/\/www.imelo.it\/de\/wp-json\/wp\/v2\/product_cat?post=13655"},{"taxonomy":"product_tag","embeddable":true,"href":"https:\/\/www.imelo.it\/de\/wp-json\/wp\/v2\/product_tag?post=13655"}],"curies":[{"name":"wp","href":"https:\/\/api.w.org\/{rel}","templated":true}]}}