{"id":19307,"date":"2022-08-23T10:37:58","date_gmt":"2022-08-23T08:37:58","guid":{"rendered":"https:\/\/www.imelo.it\/?post_type=product&#038;p=19307"},"modified":"2023-06-21T11:38:44","modified_gmt":"2023-06-21T09:38:44","slug":"reiner-granatapfel-saft","status":"publish","type":"product","link":"https:\/\/www.imelo.it\/de\/produkt\/reiner-granatapfel-saft\/","title":{"rendered":"Reiner Granatapfel-Saft - 12 St\u00fcck"},"content":{"rendered":"<ul>\n<li>Glasflaschen in den Gr\u00f6\u00dfen 200 ml und 500 ml erh\u00e4ltlich.<\/li>\n<li>Angenehm herber Geschmack, der typisch f\u00fcr den Granatapfel ist, begleitet von den fruchtigen und krautigen Noten der Frucht, die am Gaumen ein anhaltendes Gef\u00fchl von Frische hinterlassen.<\/li>\n<li>Nicht aus Konzentrat.<\/li>\n<li>Ohne Konservierungsstoffe, ohne Farbstoffe, ohne Geschmacksverst\u00e4rker.<\/li>\n<li>Ohne Zuckerzusatz.<\/li>\n<li>Nat\u00fcrlich glutenfrei.<\/li>\n<li>Gek\u00fchlt servieren.<\/li>\n<\/ul>\n<p><u><em>Bei Raumtemperatur aufbewahren<\/em><\/u><\/p>\n","protected":false},"excerpt":{"rendered":"<p><strong>Reiner kaltgepresster italienischer Granatapfelsaft<\/strong>, wie Sie es zu Hause tun w\u00fcrden, aber mit dem Komfort einer praktischen Flasche, die Sie \u00fcberall hin mitnehmen k\u00f6nnen.<\/p>\n<p><strong>Ideal f\u00fcr den Kindersnack<\/strong> in der Schule, f\u00fcr die gesunde Pause am Arbeitsplatz oder einfach immer dann, wenn Sie Lust auf einen guten Granatapfelsaft haben.<\/p>\n<p>Der Inhalt einer Flasche entspricht dem Saft eines Granatapfels von ca. 600g, <strong>immer griffbereit<\/strong> in Ihrem K\u00fchlschrank!<\/p>\n","protected":false},"featured_media":20693,"comment_status":"open","ping_status":"closed","template":"","meta":[],"product_brand":[],"product_cat":[],"product_tag":[],"class_list":{"0":"post-19307","1":"product","2":"type-product","3":"status-publish","4":"has-post-thumbnail","6":"product_shipping_class-brt","8":"first","9":"outofstock","10":"taxable","11":"shipping-taxable","12":"purchasable","13":"product-type-variable","14":"has-default-attributes"},"bundled_by":[],"bundle_stock_status":"outofstock","bundle_stock_quantity":null,"bundle_virtual":false,"bundle_layout":"","bundle_add_to_cart_form_location":"","bundle_editable_in_cart":false,"bundle_sold_individually_context":"","bundle_item_grouping":"","bundle_min_size":"","bundle_max_size":"","bundled_items":[],"bundle_sell_ids":[],"acf":[],"_links":{"self":[{"href":"https:\/\/www.imelo.it\/de\/wp-json\/wp\/v2\/product\/19307","targetHints":{"allow":["GET"]}}],"collection":[{"href":"https:\/\/www.imelo.it\/de\/wp-json\/wp\/v2\/product"}],"about":[{"href":"https:\/\/www.imelo.it\/de\/wp-json\/wp\/v2\/types\/product"}],"replies":[{"embeddable":true,"href":"https:\/\/www.imelo.it\/de\/wp-json\/wp\/v2\/comments?post=19307"}],"wp:featuredmedia":[{"embeddable":true,"href":"https:\/\/www.imelo.it\/de\/wp-json\/wp\/v2\/media\/20693"}],"wp:attachment":[{"href":"https:\/\/www.imelo.it\/de\/wp-json\/wp\/v2\/media?parent=19307"}],"wp:term":[{"taxonomy":"product_brand","embeddable":true,"href":"https:\/\/www.imelo.it\/de\/wp-json\/wp\/v2\/product_brand?post=19307"},{"taxonomy":"product_cat","embeddable":true,"href":"https:\/\/www.imelo.it\/de\/wp-json\/wp\/v2\/product_cat?post=19307"},{"taxonomy":"product_tag","embeddable":true,"href":"https:\/\/www.imelo.it\/de\/wp-json\/wp\/v2\/product_tag?post=19307"}],"curies":[{"name":"wp","href":"https:\/\/api.w.org\/{rel}","templated":true}]}}