{"id":10764,"date":"2019-10-23T10:34:05","date_gmt":"2019-10-23T08:34:05","guid":{"rendered":"https:\/\/www.imelo.it\/acquista\/presse-agrumes-professionnel-pour-agrumes-et-grenades\/"},"modified":"2026-03-03T20:55:52","modified_gmt":"2026-03-03T19:55:52","slug":"presse-agrumes-professionnel-pour-agrumes-et-grenades","status":"publish","type":"product","link":"https:\/\/www.imelo.it\/fr\/produit\/presse-agrumes-professionnel-pour-agrumes-et-grenades\/","title":{"rendered":"Presse-agrumes professionnel pour grenades et agrumes"},"content":{"rendered":"\n","protected":false},"excerpt":{"rendered":"<p>Avec le <strong>presse-agrumes professionnel pour grenades<\/strong> <strong>et agrumes <\/strong>iMelo, vous pourrez obtenir <strong>rapidement et facilement de d\u00e9licieux jus frais<\/strong>.<\/p>\n<ul>\n<li><strong>Pressage \u00e0 froid<\/strong>, indispensable pour pr\u00e9server les propri\u00e9t\u00e9s antioxydantes et b\u00e9n\u00e9fiques des agrumes<\/li>\n<li>M\u00e9canisme \u00e0 vis pour une compression facile et <strong>sans effort<\/strong><\/li>\n<li>\u00c9galement id\u00e9al comme <strong>presse-agrumes<\/strong><\/li>\n<li>Va au lave-vaisselle<\/li>\n<\/ul>\n","protected":false},"featured_media":14818,"comment_status":"open","ping_status":"closed","template":"","meta":[],"product_brand":[],"product_cat":[517],"product_tag":[],"class_list":{"0":"post-10764","1":"product","2":"type-product","3":"status-publish","4":"has-post-thumbnail","6":"product_cat-presse-fruits","7":"product_shipping_class-free-2","9":"first","10":"instock","11":"featured","12":"taxable","13":"shipping-taxable","14":"purchasable","15":"product-type-simple"},"bundled_by":[],"bundle_stock_status":"instock","bundle_stock_quantity":18,"bundle_virtual":false,"bundle_layout":"","bundle_add_to_cart_form_location":"","bundle_editable_in_cart":false,"bundle_sold_individually_context":"","bundle_item_grouping":"","bundle_min_size":"","bundle_max_size":"","bundled_items":[],"bundle_sell_ids":[],"acf":[],"_links":{"self":[{"href":"https:\/\/www.imelo.it\/fr\/wp-json\/wp\/v2\/product\/10764","targetHints":{"allow":["GET"]}}],"collection":[{"href":"https:\/\/www.imelo.it\/fr\/wp-json\/wp\/v2\/product"}],"about":[{"href":"https:\/\/www.imelo.it\/fr\/wp-json\/wp\/v2\/types\/product"}],"replies":[{"embeddable":true,"href":"https:\/\/www.imelo.it\/fr\/wp-json\/wp\/v2\/comments?post=10764"}],"wp:featuredmedia":[{"embeddable":true,"href":"https:\/\/www.imelo.it\/fr\/wp-json\/wp\/v2\/media\/14818"}],"wp:attachment":[{"href":"https:\/\/www.imelo.it\/fr\/wp-json\/wp\/v2\/media?parent=10764"}],"wp:term":[{"taxonomy":"product_brand","embeddable":true,"href":"https:\/\/www.imelo.it\/fr\/wp-json\/wp\/v2\/product_brand?post=10764"},{"taxonomy":"product_cat","embeddable":true,"href":"https:\/\/www.imelo.it\/fr\/wp-json\/wp\/v2\/product_cat?post=10764"},{"taxonomy":"product_tag","embeddable":true,"href":"https:\/\/www.imelo.it\/fr\/wp-json\/wp\/v2\/product_tag?post=10764"}],"curies":[{"name":"wp","href":"https:\/\/api.w.org\/{rel}","templated":true}]}}